{"id":541,"date":"2025-10-05T08:30:52","date_gmt":"2025-10-05T06:30:52","guid":{"rendered":"https:\/\/budohazi.hu\/?post_type=product&#038;p=541"},"modified":"2025-10-05T08:36:51","modified_gmt":"2025-10-05T06:36:51","slug":"hiseeu-c90-4mp-solar-wifi-ip-kamera","status":"publish","type":"product","link":"https:\/\/budohazi.hu\/hu\/uzlet\/cameras\/hiseeu-c90-4mp-solar-wifi-ip-kamera\/","title":{"rendered":"Hiseeu C90 kamera"},"content":{"rendered":"","protected":false},"excerpt":{"rendered":"<p>Hiseeu C90 4MP Solar WIFI IP Camera<\/p>\n<ul>\n<li>HD Video felbont\u00e1s (4 MP)<\/li>\n<li>\u00c9jszakai sz\u00ednes m\u00f3d<\/li>\n<li>Mesters\u00e9ges intelligencia alap\u00fa mozg\u00e1s\u00e9rz\u00e9kel\u00e9s<\/li>\n<li>K\u00e9tir\u00e1ny\u00fa hangkommunik\u00e1ci\u00f3 (mikrofon \u00e9s hangsz\u00f3r\u00f3)<\/li>\n<li>100% vezet\u00e9kn\u00e9lk\u00fcli az 1,6W-os napelemnek k\u00f6sz\u00f6nhet\u0151en (Wi-Fi lefedetts\u00e9g sz\u00fcks\u00e9ges a telep\u00edt\u00e9s hely\u00e9re)<\/li>\n<li>Eseecloud mobilapplik\u00e1ci\u00f3 a professzion\u00e1lis kezelhet\u0151s\u00e9g \u00e9rdek\u00e9ben<\/li>\n<li>K\u00fclt\u00e9ri kamera (\u00edgy alkalmazhat\u00f3 belt\u00e9rben is, ford\u00edtott esetben ez nem lenne lehets\u00e9ges)<\/li>\n<\/ul>\n","protected":false},"featured_media":544,"comment_status":"open","ping_status":"closed","template":"","meta":{"_eb_attr":"","pagelayer_contact_templates":[],"_pagelayer_content":""},"product_brand":[128],"product_cat":[127],"product_tag":[132,131,129,130,79],"class_list":{"0":"post-541","1":"product","2":"type-product","3":"status-publish","4":"has-post-thumbnail","6":"product_brand-hiseeu","7":"product_cat-cameras","8":"product_tag-4mp","9":"product_tag-ip-camera","10":"product_tag-kamera","11":"product_tag-solar-panel","12":"product_tag-wifi","14":"first","15":"instock","16":"sale","17":"purchasable","18":"product-type-simple"},"translation":{"provider":"WPGlobus","version":"3.0.2","language":"hu","enabled_languages":["uk","hu"],"languages":{"uk":{"title":true,"content":false,"excerpt":true},"hu":{"title":false,"content":false,"excerpt":false}}},"jetpack_sharing_enabled":true,"_links":{"self":[{"href":"https:\/\/budohazi.hu\/hu\/wp-json\/wp\/v2\/product\/541","targetHints":{"allow":["GET"]}}],"collection":[{"href":"https:\/\/budohazi.hu\/hu\/wp-json\/wp\/v2\/product"}],"about":[{"href":"https:\/\/budohazi.hu\/hu\/wp-json\/wp\/v2\/types\/product"}],"replies":[{"embeddable":true,"href":"https:\/\/budohazi.hu\/hu\/wp-json\/wp\/v2\/comments?post=541"}],"wp:featuredmedia":[{"embeddable":true,"href":"https:\/\/budohazi.hu\/hu\/wp-json\/wp\/v2\/media\/544"}],"wp:attachment":[{"href":"https:\/\/budohazi.hu\/hu\/wp-json\/wp\/v2\/media?parent=541"}],"wp:term":[{"taxonomy":"product_brand","embeddable":true,"href":"https:\/\/budohazi.hu\/hu\/wp-json\/wp\/v2\/product_brand?post=541"},{"taxonomy":"product_cat","embeddable":true,"href":"https:\/\/budohazi.hu\/hu\/wp-json\/wp\/v2\/product_cat?post=541"},{"taxonomy":"product_tag","embeddable":true,"href":"https:\/\/budohazi.hu\/hu\/wp-json\/wp\/v2\/product_tag?post=541"}],"curies":[{"name":"wp","href":"https:\/\/api.w.org\/{rel}","templated":true}]}}