{"id":511,"date":"2025-09-07T01:06:05","date_gmt":"2025-09-06T23:06:05","guid":{"rendered":"https:\/\/budohazi.hu\/?post_type=product&#038;p=511"},"modified":"2025-09-07T01:06:05","modified_gmt":"2025-09-06T23:06:05","slug":"asus-vivobook-go-15-e1504fa-bq534-cool-silver","status":"publish","type":"product","link":"https:\/\/budohazi.hu\/hu\/uzlet\/laptops\/asus-vivobook-go-15-e1504fa-bq534-cool-silver\/","title":{"rendered":"Asus Vivobook Go 15 E1504FA-BQ534 Cool Silver"},"content":{"rendered":"","protected":false},"excerpt":{"rendered":"<p style=\"text-align: left;\"><strong>Jellemz\u0151k<\/strong><\/p>\n<ul>\n<li style=\"text-align: left;\">F\u0151bb jellemz\u0151k<\/li>\n<\/ul>\n<p style=\"text-align: left;\">\u00c1llapot:\u00a0\u00daj<\/p>\n<p style=\"text-align: left;\">Oszt\u00e1ly:\u00a0Univerz\u00e1lis<\/p>\n<ul>\n<li style=\"text-align: left;\">K\u00e9perny\u0151<\/li>\n<\/ul>\n<p style=\"text-align: left;\">K\u00e9perny\u0151\u00e1tl\u00f3: 15,6&#8243;<\/p>\n<p style=\"text-align: left;\">K\u00e9perny\u0151felbont\u00e1s: 1920&#215;1080 Full HD<\/p>\n<p style=\"text-align: left;\">K\u00e9perny\u0151friss\u00edt\u00e9si frekvencia: 60 Hz<\/p>\n<p style=\"text-align: left;\">M\u00e1trix t\u00edpusa: IPS<\/p>\n<p style=\"text-align: left;\">F\u00e9nyer\u0151 (nit): 250 nit<\/p>\n<p style=\"text-align: left;\">K\u00e9perny\u0151bevonat: T\u00fckr\u00f6z\u0151d\u00e9smentes<\/p>\n<ul>\n<li style=\"text-align: left;\">Processzor<\/li>\n<\/ul>\n<p style=\"text-align: left;\">Processzor gy\u00e1rt\u00f3ja: AMD<\/p>\n<p style=\"text-align: left;\">CPU modell: Ryzen 5 7520U<\/p>\n<p style=\"text-align: left;\">Magok sz\u00e1ma: 4 mag<\/p>\n<p style=\"text-align: left;\">CPU frekvencia: 2,8 (4,3) GHz<\/p>\n<ul>\n<li style=\"text-align: left;\">RAM<\/li>\n<\/ul>\n<p style=\"text-align: left;\">RAM kapacit\u00e1s: 16 GB<\/p>\n<p style=\"text-align: left;\">RAM t\u00edpusa: LPDDR5<\/p>\n<ul>\n<li style=\"text-align: left;\">T\u00e1rhely<\/li>\n<\/ul>\n<p style=\"text-align: left;\">T\u00e1rhelykapacit\u00e1s: 512 GB<\/p>\n<p style=\"text-align: left;\">T\u00e1rhely t\u00edpusa: SSD, M.2, NVMe<\/p>\n<ul>\n<li style=\"text-align: left;\">Videok\u00e1rtya<\/li>\n<\/ul>\n<p style=\"text-align: left;\">Videok\u00e1rtya gy\u00e1rt\u00f3ja: AMD<\/p>\n<p style=\"text-align: left;\">GPU modell: Radeon Graphics<\/p>\n<p style=\"text-align: left;\">Videomem\u00f3ria kapacit\u00e1sa: RAM felhaszn\u00e1l\u00e1sa<\/p>\n<p style=\"text-align: left;\">Grafikus k\u00e1rtya t\u00edpusa: Integr\u00e1lt<\/p>\n<ul>\n<li style=\"text-align: left;\">Oper\u00e1ci\u00f3s rendszer<\/li>\n<\/ul>\n<p style=\"text-align: left;\">Oper\u00e1ci\u00f3s rendszer: Nincs oper\u00e1ci\u00f3s rendszer<\/p>\n<ul>\n<li style=\"text-align: left;\">Webkamera<\/li>\n<\/ul>\n<p style=\"text-align: left;\">Webkamera felbont\u00e1sa: HD<\/p>\n<ul>\n<li style=\"text-align: left;\">Interf\u00e9szek<\/li>\n<\/ul>\n<p style=\"text-align: left;\">Optikai meghajt\u00f3: Nincs<\/p>\n<p style=\"text-align: left;\">Wi-Fi szabv\u00e1nyok: 802.11 ac (Wi-Fi 5)<\/p>\n<p style=\"text-align: left;\">Bluetooth: 5.1-es verzi\u00f3<\/p>\n<p style=\"text-align: left;\">HDMI: Igen<\/p>\n<p style=\"text-align: left;\">USB 2.0 mennyis\u00e9g: 1 db<\/p>\n<p style=\"text-align: left;\">USB 3.1 mennyis\u00e9g: 1 db<\/p>\n<p style=\"text-align: left;\">USB 3.1 C t\u00edpus\u00fa mennyis\u00e9g: 1 db<\/p>\n<p style=\"text-align: left;\">3,5 mm-es csatlakoz\u00f3<\/p>\n<p style=\"text-align: left;\">Kombin\u00e1lt<\/p>\n<p style=\"text-align: left;\">Auton\u00f3m m\u0171k\u00f6d\u00e9s<\/p>\n<p style=\"text-align: left;\">Akkumul\u00e1torkapacit\u00e1s: 42 Wh<\/p>\n<ul>\n<li style=\"text-align: left;\">H\u00e1z<\/li>\n<\/ul>\n<p style=\"text-align: left;\">NumPad<\/p>\n<p style=\"text-align: left;\">TPM modul<\/p>\n<p style=\"text-align: left;\">Webkamera biztons\u00e1gi zan\u00e9rral<\/p>\n<p style=\"text-align: left;\">T\u00e1pegys\u00e9g teljes\u00edtm\u00e9nye: 45 W<\/p>\n<p style=\"text-align: left;\">M\u00e9retek:\u00a017,9 x 360,3 x 232,5 mm<\/p>\n<p style=\"text-align: left;\">T\u00f6meg:\u00a01,63 kg<\/p>\n<p style=\"text-align: left;\">Katonai szabv\u00e1ny: MIL-STD 810H<\/p>\n<p style=\"text-align: left;\">Angol-Ukr\u00e1n billenty\u0171zetkioszt\u00e1s: Igen<\/p>\n<p style=\"text-align: left;\">Billenty\u0171zet-h\u00e1tt\u00e9rvil\u00e1g\u00edt\u00e1s: Nincs<\/p>\n<p style=\"text-align: left;\">Test anyaga: Leboml\u00f3 anyag<\/p>\n<p style=\"text-align: left;\">Modell sz\u00edn: Ez\u00fcst<\/p>\n<p style=\"text-align: left;\">Garanci\u00e1lis id\u0151: 1 \u00e9v<\/p>\n<ul>\n<li style=\"text-align: left;\">Csomagol\u00e1s<\/li>\n<\/ul>\n<p style=\"text-align: left;\">Laptop<\/p>\n<p style=\"text-align: left;\">T\u00e1pell\u00e1t\u00e1s adapter<\/p>\n<p style=\"text-align: left;\">Utas\u00edt\u00e1sok<\/p>\n","protected":false},"featured_media":514,"comment_status":"open","ping_status":"closed","template":"","meta":{"_eb_attr":"","pagelayer_contact_templates":[],"_pagelayer_content":""},"product_brand":[35],"product_cat":[17],"product_tag":[106,65,122,105],"class_list":{"0":"post-511","1":"product","2":"type-product","3":"status-publish","4":"has-post-thumbnail","6":"product_brand-asus","7":"product_cat-laptops","8":"product_tag-15-6","9":"product_tag-ram16gb","10":"product_tag-ryzen5","11":"product_tag-ssd512gb","13":"first","14":"instock","15":"taxable","16":"shipping-taxable","17":"purchasable","18":"product-type-simple"},"translation":{"provider":"WPGlobus","version":"3.0.2","language":"hu","enabled_languages":["uk","hu"],"languages":{"uk":{"title":true,"content":false,"excerpt":true},"hu":{"title":false,"content":false,"excerpt":false}}},"jetpack_sharing_enabled":true,"_links":{"self":[{"href":"https:\/\/budohazi.hu\/hu\/wp-json\/wp\/v2\/product\/511","targetHints":{"allow":["GET"]}}],"collection":[{"href":"https:\/\/budohazi.hu\/hu\/wp-json\/wp\/v2\/product"}],"about":[{"href":"https:\/\/budohazi.hu\/hu\/wp-json\/wp\/v2\/types\/product"}],"replies":[{"embeddable":true,"href":"https:\/\/budohazi.hu\/hu\/wp-json\/wp\/v2\/comments?post=511"}],"wp:featuredmedia":[{"embeddable":true,"href":"https:\/\/budohazi.hu\/hu\/wp-json\/wp\/v2\/media\/514"}],"wp:attachment":[{"href":"https:\/\/budohazi.hu\/hu\/wp-json\/wp\/v2\/media?parent=511"}],"wp:term":[{"taxonomy":"product_brand","embeddable":true,"href":"https:\/\/budohazi.hu\/hu\/wp-json\/wp\/v2\/product_brand?post=511"},{"taxonomy":"product_cat","embeddable":true,"href":"https:\/\/budohazi.hu\/hu\/wp-json\/wp\/v2\/product_cat?post=511"},{"taxonomy":"product_tag","embeddable":true,"href":"https:\/\/budohazi.hu\/hu\/wp-json\/wp\/v2\/product_tag?post=511"}],"curies":[{"name":"wp","href":"https:\/\/api.w.org\/{rel}","templated":true}]}}