{"id":489,"date":"2025-09-03T20:17:50","date_gmt":"2025-09-03T18:17:50","guid":{"rendered":"https:\/\/budohazi.hu\/?post_type=product&#038;p=489"},"modified":"2025-09-03T20:17:50","modified_gmt":"2025-09-03T18:17:50","slug":"m-2-ssd-tarhely-kingston-kc3000-4096gb-nvme-2280-pcie-4-0-x4-3d-nand-tlc-skc3000d-4096g","status":"publish","type":"product","link":"https:\/\/budohazi.hu\/hu\/uzlet\/ssdhdd\/ssdnvme\/m-2-ssd-tarhely-kingston-kc3000-4096gb-nvme-2280-pcie-4-0-x4-3d-nand-tlc-skc3000d-4096g\/","title":{"rendered":"M.2 SSD t\u00e1rhely Kingston KC3000 4096GB NVMe 2280 PCIe 4.0 x4 3D NAND TLC (SKC3000D\/4096G)"},"content":{"rendered":"<p>Modell:\u00a0KC3000<\/p>\n<p>M\u00e9ret: 80 \u00d7 22 \u00d7 3,5 mm<\/p>\n<p>Sz\u00edn: Fekete<\/p>\n<p>Slot:\u00a0PCIe 4.0 NVMe M.2<\/p>\n<p>Kapacit\u00e1s:\u00a04 TB<\/p>\n<p>M.2 m\u00e9ret: M.2 2280<\/p>\n<p>Term\u00e9kt\u00edpus:\u00a0SSD-meghajt\u00f3<\/p>\n<p>Maxim\u00e1lis olvas\u00e1si sebess\u00e9g: ak\u00e1r 7000 Mbps<\/p>\n<p>Maxim\u00e1lis \u00edr\u00e1si sebess\u00e9g: ak\u00e1r 7000 Mbps<\/p>\n<p>A mem\u00f3riacell\u00e1k t\u00edpusa: 3D NAND TLC<\/p>\n<p>Meghajt\u00e1s t\u00edpusa: Bels\u0151<\/p>\n<p>\u00c9lettartam: 2 000 000 \u00f3ra<\/p>\n<p>Garancia h\u00f3napokban: 36<\/p>\n<p>A term\u00e9k sz\u00e1rmaz\u00e1si orsz\u00e1ga:\u00a0K\u00edna<\/p>\n<p>A m\u00e1rka bejegyz\u00e9s\u00e9nek orsz\u00e1ga: USA<\/p>\n","protected":false},"excerpt":{"rendered":"<p>Modell:\u00a0KC3000 M\u00e9ret: 80 \u00d7 22 \u00d7 3,5 mm Sz\u00edn: Fekete Slot:\u00a0PCIe 4.0 NVMe M.2 Kapacit\u00e1s:\u00a04 TB M.2 m\u00e9ret: M.2 2280 Term\u00e9kt\u00edpus:\u00a0SSD-meghajt\u00f3 Maxim\u00e1lis olvas\u00e1si sebess\u00e9g: ak\u00e1r 7000 Mbps Maxim\u00e1lis \u00edr\u00e1si sebess\u00e9g: ak\u00e1r 7000 Mbps A mem\u00f3riacell\u00e1k t\u00edpusa: 3D NAND TLC Meghajt\u00e1s t\u00edpusa: Bels\u0151 \u00c9lettartam: 2 000 000 \u00f3ra Garancia h\u00f3napokban: 36 A term\u00e9k sz\u00e1rmaz\u00e1si orsz\u00e1ga:\u00a0K\u00edna A [&hellip;]<\/p>\n","protected":false},"featured_media":492,"comment_status":"open","ping_status":"closed","template":"","meta":{"_eb_attr":"","pagelayer_contact_templates":[],"_pagelayer_content":""},"product_brand":[84],"product_cat":[22],"product_tag":[118,107,67],"class_list":{"0":"post-489","1":"product","2":"type-product","3":"status-publish","4":"has-post-thumbnail","6":"product_brand-kingston","7":"product_cat-ssdnvme","8":"product_tag-4tb","9":"product_tag-m-2ssd","10":"product_tag-ssdnvme","12":"first","13":"instock","14":"sale","15":"taxable","16":"shipping-taxable","17":"purchasable","18":"product-type-simple"},"translation":{"provider":"WPGlobus","version":"3.0.2","language":"hu","enabled_languages":["uk","hu"],"languages":{"uk":{"title":true,"content":true,"excerpt":false},"hu":{"title":false,"content":false,"excerpt":false}}},"jetpack_sharing_enabled":true,"_links":{"self":[{"href":"https:\/\/budohazi.hu\/hu\/wp-json\/wp\/v2\/product\/489","targetHints":{"allow":["GET"]}}],"collection":[{"href":"https:\/\/budohazi.hu\/hu\/wp-json\/wp\/v2\/product"}],"about":[{"href":"https:\/\/budohazi.hu\/hu\/wp-json\/wp\/v2\/types\/product"}],"replies":[{"embeddable":true,"href":"https:\/\/budohazi.hu\/hu\/wp-json\/wp\/v2\/comments?post=489"}],"wp:featuredmedia":[{"embeddable":true,"href":"https:\/\/budohazi.hu\/hu\/wp-json\/wp\/v2\/media\/492"}],"wp:attachment":[{"href":"https:\/\/budohazi.hu\/hu\/wp-json\/wp\/v2\/media?parent=489"}],"wp:term":[{"taxonomy":"product_brand","embeddable":true,"href":"https:\/\/budohazi.hu\/hu\/wp-json\/wp\/v2\/product_brand?post=489"},{"taxonomy":"product_cat","embeddable":true,"href":"https:\/\/budohazi.hu\/hu\/wp-json\/wp\/v2\/product_cat?post=489"},{"taxonomy":"product_tag","embeddable":true,"href":"https:\/\/budohazi.hu\/hu\/wp-json\/wp\/v2\/product_tag?post=489"}],"curies":[{"name":"wp","href":"https:\/\/api.w.org\/{rel}","templated":true}]}}