{"id":170,"date":"2025-08-10T17:39:01","date_gmt":"2025-08-10T15:39:01","guid":{"rendered":"https:\/\/budohazi.hu\/?post_type=product&#038;p=170"},"modified":"2025-08-24T16:42:40","modified_gmt":"2025-08-24T14:42:40","slug":"kabinet_vodiya","status":"publish","type":"product","link":"https:\/\/budohazi.hu\/hu\/uzlet\/posluhy\/kabinet_vodiya\/","title":{"rendered":"\u041a\u0430\u0431\u0456\u043d\u0435\u0442 \u0432\u043e\u0434\u0456\u044f"},"content":{"rendered":"<p><span style=\"font-size: inherit;\">Lej\u00e1t a jogos\u00edtv\u00e1nyod?<\/span><\/p>\n<p>Vagy csak megs\u00e9r\u00fclt? Netal\u00e1n elveszett?<\/p>\n<p>No para&#8230; Seg\u00edt\u00fcnk!<\/p>\n<p>&nbsp;<\/p>\n<p><span style=\"font-size: inherit;\">Felt\u00e9telek:<\/span><\/p>\n<ul>\n<li>biometrikus irat (\u00fatlev\u00e9l vagy ID-k\u00e1rtya)<\/li>\n<li>mobiltelefonsz\u00e1m<\/li>\n<li>e-mail-c\u00edm<\/li>\n<\/ul>\n<p>ha nincs digit\u00e1lis okm\u00e1nya az \u00fcgyf\u00e9lnek, akkor b\u00e1rmelyik ukrajnai bankn\u00e1l vezetett bansz\u00e1mla is elegend\u0151 a \u041a\u0430\u0431\u0456\u043d\u0435\u0442 \u0432\u043e\u0434\u0456\u044f alkalmaz\u00e1sban, illetve webhelyen val\u00f3 regisztr\u00e1ci\u00f3hoz.<\/p>\n","protected":false},"excerpt":{"rendered":"<p>Lej\u00e1t a jogos\u00edtv\u00e1nyod? Vagy csak megs\u00e9r\u00fclt? Netal\u00e1n elveszett? No para&#8230; Seg\u00edt\u00fcnk! &nbsp; Felt\u00e9telek: biometrikus irat (\u00fatlev\u00e9l vagy ID-k\u00e1rtya) mobiltelefonsz\u00e1m e-mail-c\u00edm ha nincs digit\u00e1lis okm\u00e1nya az \u00fcgyf\u00e9lnek, akkor b\u00e1rmelyik ukrajnai bankn\u00e1l vezetett bansz\u00e1mla is elegend\u0151 a \u041a\u0430\u0431\u0456\u043d\u0435\u0442 \u0432\u043e\u0434\u0456\u044f alkalmaz\u00e1sban, illetve webhelyen val\u00f3 regisztr\u00e1ci\u00f3hoz.<\/p>\n","protected":false},"featured_media":171,"comment_status":"open","ping_status":"closed","template":"","meta":{"_eb_attr":"","pagelayer_contact_templates":[],"_pagelayer_content":""},"product_brand":[41],"product_cat":[15],"product_tag":[39,51],"class_list":{"0":"post-170","1":"product","2":"type-product","3":"status-publish","4":"has-post-thumbnail","6":"product_brand-diia","7":"product_cat-posluhy","8":"product_tag-szolgaltatasok","9":"product_tag-ukrajna","11":"first","12":"instock","13":"virtual","14":"sold-individually","15":"purchasable","16":"product-type-simple"},"translation":{"provider":"WPGlobus","version":"3.0.2","language":"hu","enabled_languages":["uk","hu"],"languages":{"uk":{"title":true,"content":true,"excerpt":false},"hu":{"title":false,"content":false,"excerpt":false}}},"jetpack_sharing_enabled":true,"_links":{"self":[{"href":"https:\/\/budohazi.hu\/hu\/wp-json\/wp\/v2\/product\/170","targetHints":{"allow":["GET"]}}],"collection":[{"href":"https:\/\/budohazi.hu\/hu\/wp-json\/wp\/v2\/product"}],"about":[{"href":"https:\/\/budohazi.hu\/hu\/wp-json\/wp\/v2\/types\/product"}],"replies":[{"embeddable":true,"href":"https:\/\/budohazi.hu\/hu\/wp-json\/wp\/v2\/comments?post=170"}],"wp:featuredmedia":[{"embeddable":true,"href":"https:\/\/budohazi.hu\/hu\/wp-json\/wp\/v2\/media\/171"}],"wp:attachment":[{"href":"https:\/\/budohazi.hu\/hu\/wp-json\/wp\/v2\/media?parent=170"}],"wp:term":[{"taxonomy":"product_brand","embeddable":true,"href":"https:\/\/budohazi.hu\/hu\/wp-json\/wp\/v2\/product_brand?post=170"},{"taxonomy":"product_cat","embeddable":true,"href":"https:\/\/budohazi.hu\/hu\/wp-json\/wp\/v2\/product_cat?post=170"},{"taxonomy":"product_tag","embeddable":true,"href":"https:\/\/budohazi.hu\/hu\/wp-json\/wp\/v2\/product_tag?post=170"}],"curies":[{"name":"wp","href":"https:\/\/api.w.org\/{rel}","templated":true}]}}