{"id":138,"date":"2025-08-10T15:27:24","date_gmt":"2025-08-10T13:27:24","guid":{"rendered":"https:\/\/budohazi.hu\/?post_type=product&#038;p=138"},"modified":"2025-08-15T13:33:31","modified_gmt":"2025-08-15T11:33:31","slug":"office-2013-telepitese","status":"publish","type":"product","link":"https:\/\/budohazi.hu\/hu\/uzlet\/posluhy\/office-2013-telepitese\/","title":{"rendered":"Office 2013 telep\u00edt\u00e9se"},"content":{"rendered":"<p>Teljesk\u00f6r\u0171 Office 2013 telep\u00edt\u00e9se \u00e9s naprak\u00e9szre val\u00f3 friss\u00edt\u00e9se<\/p>\n<p>Tartalmazza:<\/p>\n<ul>\n<li>MS Word sz\u00f6vegszerkeszt\u0151t<\/li>\n<li>MS Excel t\u00e1bl\u00e1zatkezel\u0151t<\/li>\n<li>MS PowePoint bemutat\u00f3k\u00e9sz\u00edt\u0151t<\/li>\n<li>MS Access adatb\u00e1ziskezel\u0151t stb.<\/li>\n<\/ul>\n","protected":false},"excerpt":{"rendered":"<p>Teljesk\u00f6r\u0171 Office 2013 telep\u00edt\u00e9se \u00e9s naprak\u00e9szre val\u00f3 friss\u00edt\u00e9se Tartalmazza: MS Word sz\u00f6vegszerkeszt\u0151t MS Excel t\u00e1bl\u00e1zatkezel\u0151t MS PowePoint bemutat\u00f3k\u00e9sz\u00edt\u0151t MS Access adatb\u00e1ziskezel\u0151t stb.<\/p>\n","protected":false},"featured_media":134,"comment_status":"open","ping_status":"closed","template":"","meta":{"_eb_attr":"","pagelayer_contact_templates":[],"_pagelayer_content":""},"product_brand":[55],"product_cat":[15],"product_tag":[49,51],"class_list":{"0":"post-138","1":"product","2":"type-product","3":"status-publish","4":"has-post-thumbnail","6":"product_brand-office","7":"product_cat-posluhy","8":"product_tag-magyarorszag","9":"product_tag-ukrajna","11":"first","12":"instock","13":"virtual","14":"purchasable","15":"product-type-simple"},"translation":{"provider":"WPGlobus","version":"3.0.2","language":"hu","enabled_languages":["uk","hu"],"languages":{"uk":{"title":true,"content":true,"excerpt":false},"hu":{"title":false,"content":false,"excerpt":false}}},"jetpack_sharing_enabled":true,"_links":{"self":[{"href":"https:\/\/budohazi.hu\/hu\/wp-json\/wp\/v2\/product\/138","targetHints":{"allow":["GET"]}}],"collection":[{"href":"https:\/\/budohazi.hu\/hu\/wp-json\/wp\/v2\/product"}],"about":[{"href":"https:\/\/budohazi.hu\/hu\/wp-json\/wp\/v2\/types\/product"}],"replies":[{"embeddable":true,"href":"https:\/\/budohazi.hu\/hu\/wp-json\/wp\/v2\/comments?post=138"}],"wp:featuredmedia":[{"embeddable":true,"href":"https:\/\/budohazi.hu\/hu\/wp-json\/wp\/v2\/media\/134"}],"wp:attachment":[{"href":"https:\/\/budohazi.hu\/hu\/wp-json\/wp\/v2\/media?parent=138"}],"wp:term":[{"taxonomy":"product_brand","embeddable":true,"href":"https:\/\/budohazi.hu\/hu\/wp-json\/wp\/v2\/product_brand?post=138"},{"taxonomy":"product_cat","embeddable":true,"href":"https:\/\/budohazi.hu\/hu\/wp-json\/wp\/v2\/product_cat?post=138"},{"taxonomy":"product_tag","embeddable":true,"href":"https:\/\/budohazi.hu\/hu\/wp-json\/wp\/v2\/product_tag?post=138"}],"curies":[{"name":"wp","href":"https:\/\/api.w.org\/{rel}","templated":true}]}}