{"id":102,"date":"2025-08-10T13:19:33","date_gmt":"2025-08-10T11:19:33","guid":{"rendered":"https:\/\/budohazi.hu\/?post_type=product&#038;p=102"},"modified":"2025-08-10T15:37:36","modified_gmt":"2025-08-10T13:37:36","slug":"dap","status":"publish","type":"product","link":"https:\/\/budohazi.hu\/hu\/uzlet\/posluhy\/dap\/","title":{"rendered":"D\u00c1P"},"content":{"rendered":"<p>Nincs m\u00e9g D\u00c1P alkalmaz\u00e1sod?<\/p>\n<p>Semmi gond \u2013 megoldjuk.<\/p>\n<p>&nbsp;<\/p>\n<p>Felt\u00e9telek:<\/p>\n<ul>\n<li>biometrikus irat (\u00fatlev\u00e9l vagy szem\u00e9lyi igazolv\u00e1ny \u00e9s a ig\u00e9nyl\u00e9sekor kapott akt\u00edv\u00e1l\u00f3 k\u00e1rtya)<\/li>\n<li>mobiltelefonsz\u00e1m<\/li>\n<li>e-mail-c\u00edm<\/li>\n<\/ul>\n<p>&nbsp;<\/p>\n<p>K\u00e9nyelmes \u00fcgyint\u00e9z\u00e9s a mobilodb\u00f3l!<\/p>\n","protected":false},"excerpt":{"rendered":"<p>Nincs m\u00e9g D\u00c1P alkalmaz\u00e1sod? Semmi gond \u2013 megoldjuk. &nbsp; Felt\u00e9telek: biometrikus irat (\u00fatlev\u00e9l vagy szem\u00e9lyi igazolv\u00e1ny \u00e9s a ig\u00e9nyl\u00e9sekor kapott akt\u00edv\u00e1l\u00f3 k\u00e1rtya) mobiltelefonsz\u00e1m e-mail-c\u00edm &nbsp; K\u00e9nyelmes \u00fcgyint\u00e9z\u00e9s a mobilodb\u00f3l!<\/p>\n","protected":false},"featured_media":106,"comment_status":"open","ping_status":"closed","template":"","meta":{"_eb_attr":"","pagelayer_contact_templates":[],"_pagelayer_content":""},"product_brand":[42],"product_cat":[15],"product_tag":[49,39],"class_list":{"0":"post-102","1":"product","2":"type-product","3":"status-publish","4":"has-post-thumbnail","6":"product_brand-digitalis-allampolgarsag-program","7":"product_cat-posluhy","8":"product_tag-magyarorszag","9":"product_tag-szolgaltatasok","11":"first","12":"instock","13":"virtual","14":"purchasable","15":"product-type-simple"},"translation":{"provider":"WPGlobus","version":"3.0.2","language":"hu","enabled_languages":["uk","hu"],"languages":{"uk":{"title":true,"content":true,"excerpt":false},"hu":{"title":false,"content":false,"excerpt":false}}},"jetpack_sharing_enabled":true,"_links":{"self":[{"href":"https:\/\/budohazi.hu\/hu\/wp-json\/wp\/v2\/product\/102","targetHints":{"allow":["GET"]}}],"collection":[{"href":"https:\/\/budohazi.hu\/hu\/wp-json\/wp\/v2\/product"}],"about":[{"href":"https:\/\/budohazi.hu\/hu\/wp-json\/wp\/v2\/types\/product"}],"replies":[{"embeddable":true,"href":"https:\/\/budohazi.hu\/hu\/wp-json\/wp\/v2\/comments?post=102"}],"wp:featuredmedia":[{"embeddable":true,"href":"https:\/\/budohazi.hu\/hu\/wp-json\/wp\/v2\/media\/106"}],"wp:attachment":[{"href":"https:\/\/budohazi.hu\/hu\/wp-json\/wp\/v2\/media?parent=102"}],"wp:term":[{"taxonomy":"product_brand","embeddable":true,"href":"https:\/\/budohazi.hu\/hu\/wp-json\/wp\/v2\/product_brand?post=102"},{"taxonomy":"product_cat","embeddable":true,"href":"https:\/\/budohazi.hu\/hu\/wp-json\/wp\/v2\/product_cat?post=102"},{"taxonomy":"product_tag","embeddable":true,"href":"https:\/\/budohazi.hu\/hu\/wp-json\/wp\/v2\/product_tag?post=102"}],"curies":[{"name":"wp","href":"https:\/\/api.w.org\/{rel}","templated":true}]}}