{"id":358,"date":"2025-08-31T13:39:54","date_gmt":"2025-08-31T11:39:54","guid":{"rendered":"https:\/\/budohazi.hu\/?page_id=358"},"modified":"2025-11-24T00:27:38","modified_gmt":"2025-11-23T21:27:38","slug":"tankonyvek","status":"publish","type":"page","link":"https:\/\/budohazi.hu\/hu\/tankonyvek\/","title":{"rendered":"Tank\u00f6nyvek"},"content":{"rendered":"\n<!DOCTYPE html>\n<html>\n<head>\n<style>\nth, td {\n  border-style: outset;\n}\n<\/style>\n<\/head>\n<body>\n\n<h2>Az aktu\u00e1lisan haszn\u00e1lt tank\u00f6nyvek<\/h2>\n\n<p>ukr\u00e1n nyelven \u00e9s amelyekhez el\u00e9rhet\u0151, ahhoz ford\u00edt\u00e1s is let\u00f6lthet\u0151 \u00e9s\/vagy megtekinthet\u0151:<\/p>\n\n<table style=\"width:100%\">\n  <tr>\n    <th align=center>\u0423\u043a\u0440\u0430\u0457\u043d\u0441\u044c\u043a\u0430<\/th>\n    <th align=center>Magyar<\/th> \n    <\/tr>\n  <tr>\n    <td><a href=\"https:\/\/drive.google.com\/file\/d\/1SmrK6lysGGyNwKacXPr4-d2NqyYQs4bn\/view?usp=drive_link\" target=\"_blank\"><img decoding=\"async\" src=\"https:\/\/budohazi.hu\/wp-content\/uploads\/2025\/08\/informatika_05kl_2022_rivkind_ua.jpg\" alt=\"\u0406\u043d\u0444\u043e\u0440\u043c\u0430\u0442\u0438\u043a\u0430, 5 \u043a\u043b\u0430\u0441, \u0420\u0438\u0432\u043a\u0456\u043d\u0434, 2022\" width=\"100%\"><\/a><\/td>\n    <td><a href=\"https:\/\/drive.google.com\/file\/d\/1wpWNPfWk8m4ipXJxcgI436BZQCG8rTWN\/view?usp=drive_link\" target=\"_blank\"><img decoding=\"async\" src=\"https:\/\/budohazi.hu\/wp-content\/uploads\/2025\/08\/informatika_05kl_2022_rivkind_hu.jpg\" alt=\"Informatika, 5. oszt\u00e1ly, Rivkind, 2022\" width=\"100%\"><\/a><\/td>\n    <\/tr>\n  <tr>\n    <td><a href=\"https:\/\/drive.google.com\/file\/d\/1q4qiELyc8tcxFfTywVVzfxTOAmVO59SB\/view?usp=drive_link\" target=\"_blank\"><img decoding=\"async\" src=\"https:\/\/budohazi.hu\/wp-content\/uploads\/2025\/08\/informatika_06kl_2023_rivkind_ua.jpg\" alt=\"\u0406\u043d\u0444\u043e\u0440\u043c\u0430\u0442\u0438\u043a\u0430, 6 \u043a\u043b\u0430\u0441, \u0420\u0438\u0432\u043a\u0456\u043d\u0434, 2023\" width=\"100%\"><\/a><\/td>\n    <td><a href=\"https:\/\/drive.google.com\/file\/d\/1di4-wGDpDRoYTec-neDBxqsm7D4TD8gb\/view?usp=drive_link\" target=\"_blank\"><img decoding=\"async\" src=\"https:\/\/budohazi.hu\/wp-content\/uploads\/2025\/08\/informatika_06kl_2023_rivkind_hu.jpg\" alt=\"Informatika, 6. oszt\u00e1ly, Rivkind, 2023\" width=\"100%\"><\/a><\/td>\n  <tr>\n    <td><a href=\"https:\/\/drive.google.com\/file\/d\/1ANSFg57_-85lVrroMbEwngWO5Gh9Sb6X\/view?usp=drive_link\" target=\"_blank\"><img decoding=\"async\" src=\"https:\/\/budohazi.hu\/wp-content\/uploads\/2025\/08\/informatika_07kl_2024_rivkind_ua.jpg\" alt=\"\u0406\u043d\u0444\u043e\u0440\u043c\u0430\u0442\u0438\u043a\u0430, 7 \u043a\u043b\u0430\u0441, \u0420\u0438\u0432\u043a\u0456\u043d\u0434, 2024\" width=\"100%\"><\/a><\/td>\n    <td><a href=\"https:\/\/drive.google.com\/file\/d\/1DyWxWFFdH9YXQLu7Rl118pXH2qFDVIRS\/view?usp=drive_link\" target=\"_blank\"><img decoding=\"async\" src=\"https:\/\/budohazi.hu\/wp-content\/uploads\/2025\/08\/informatika_07kl_2024_rivkind_hu.jpg\" alt=\"Informatika, 7. oszt\u00e1ly, Rivkind, 2024\" width=\"100%\"><\/a><\/td>\n  <tr>\n    <td><a href=\"https:\/\/drive.google.com\/file\/d\/1XcC0sRfGulB9ke0CMocy1PpJl-Otgi9g\/view?usp=drive_link\" target=\"_blank\"><img decoding=\"async\" src=\"https:\/\/budohazi.hu\/wp-content\/uploads\/2025\/08\/informatika_08kl_2025_rivkind_ua.jpg\" alt=\"\u0406\u043d\u0444\u043e\u0440\u043c\u0430\u0442\u0438\u043a\u0430, 8 \u043a\u043b\u0430\u0441, \u0420\u0438\u0432\u043a\u0456\u043d\u0434, 2025\" width=\"100%\"><\/a><\/td>\n    <td><\/td>\n  <tr>\n    <td><a href=\"https:\/\/drive.google.com\/file\/d\/1VJKHOv4EF7KjQXS6nBcX8vaG4Vecs8Ak\/view?usp=drive_link\" target=\"_blank\"><img decoding=\"async\" src=\"https:\/\/budohazi.hu\/wp-content\/uploads\/2025\/08\/informatika_09kl_2022_rivkind_ua.jpg\" alt=\"\u0406\u043d\u0444\u043e\u0440\u043c\u0430\u0442\u0438\u043a\u0430, 9 \u043a\u043b\u0430\u0441, \u0420\u0438\u0432\u043a\u0456\u043d\u0434, 2022\" width=\"100%\"><\/a><\/td>\n    <td><\/td>\n  <tr>\n    <td><a href=\"https:\/\/drive.google.com\/file\/d\/1cJnNUtPriKOSm3r8PEugoXC8CGLudlWz\/view?usp=drive_link\" target=\"_blank\"><img decoding=\"async\" src=\"https:\/\/budohazi.hu\/wp-content\/uploads\/2025\/08\/informatika_10kl_2023_rivkind_ua.jpg\" alt=\"\u0406\u043d\u0444\u043e\u0440\u043c\u0430\u0442\u0438\u043a\u0430, 10 (11) \u043a\u043b\u0430\u0441, \u0420\u0438\u0432\u043a\u0456\u043d\u0434, 2023\" width=\"100%\"><\/a><\/td>\n    <td><\/td>\n    <\/tr>\n<\/table>\n\n<\/body>\n<\/html>\n\n\n\n<p><\/p>\n","protected":false},"excerpt":{"rendered":"<p>Az aktu\u00e1lisan haszn\u00e1lt tank\u00f6nyvek ukr\u00e1n nyelven \u00e9s amelyekhez el\u00e9rhet\u0151, ahhoz ford\u00edt\u00e1s is let\u00f6lthet\u0151 \u00e9s\/vagy megtekinthet\u0151: \u0423\u043a\u0440\u0430\u0457\u043d\u0441\u044c\u043a\u0430 Magyar<\/p>\n","protected":false},"author":1,"featured_media":0,"parent":0,"menu_order":0,"comment_status":"closed","ping_status":"closed","template":"","meta":{"_eb_attr":"","pagelayer_contact_templates":[],"_pagelayer_content":"","footnotes":""},"class_list":["post-358","page","type-page","status-publish","hentry"],"translation":{"provider":"WPGlobus","version":"3.0.2","language":"hu","enabled_languages":["uk","hu"],"languages":{"uk":{"title":true,"content":true,"excerpt":false},"hu":{"title":true,"content":true,"excerpt":false}}},"jetpack_sharing_enabled":true,"_links":{"self":[{"href":"https:\/\/budohazi.hu\/hu\/wp-json\/wp\/v2\/pages\/358","targetHints":{"allow":["GET"]}}],"collection":[{"href":"https:\/\/budohazi.hu\/hu\/wp-json\/wp\/v2\/pages"}],"about":[{"href":"https:\/\/budohazi.hu\/hu\/wp-json\/wp\/v2\/types\/page"}],"author":[{"embeddable":true,"href":"https:\/\/budohazi.hu\/hu\/wp-json\/wp\/v2\/users\/1"}],"replies":[{"embeddable":true,"href":"https:\/\/budohazi.hu\/hu\/wp-json\/wp\/v2\/comments?post=358"}],"version-history":[{"count":6,"href":"https:\/\/budohazi.hu\/hu\/wp-json\/wp\/v2\/pages\/358\/revisions"}],"predecessor-version":[{"id":668,"href":"https:\/\/budohazi.hu\/hu\/wp-json\/wp\/v2\/pages\/358\/revisions\/668"}],"wp:attachment":[{"href":"https:\/\/budohazi.hu\/hu\/wp-json\/wp\/v2\/media?parent=358"}],"curies":[{"name":"wp","href":"https:\/\/api.w.org\/{rel}","templated":true}]}}